{"id":305,"date":"2019-05-08T09:25:20","date_gmt":"2019-05-08T09:25:20","guid":{"rendered":"https:\/\/www.cssigniter.com\/preview\/convert\/?page_id=305"},"modified":"2019-11-07T12:06:26","modified_gmt":"2019-11-07T12:06:26","slug":"o-nama","status":"publish","type":"page","link":"https:\/\/lemindkomerc.com\/index.php\/o-nama\/","title":{"rendered":"O nama"},"content":{"rendered":"\t\t<div data-elementor-type=\"wp-page\" data-elementor-id=\"305\" class=\"elementor elementor-305\">\n\t\t\t\t\t\t<section class=\"elementor-section elementor-top-section elementor-element elementor-element-46511038 elementor-section-boxed elementor-section-height-default elementor-section-height-default\" data-id=\"46511038\" data-element_type=\"section\" data-e-type=\"section\">\n\t\t\t\t\t\t<div class=\"elementor-container elementor-column-gap-default\">\n\t\t\t\t\t<div class=\"elementor-column elementor-col-100 elementor-top-column elementor-element elementor-element-239d1fd0\" data-id=\"239d1fd0\" data-element_type=\"column\" data-e-type=\"column\">\n\t\t\t<div class=\"elementor-widget-wrap elementor-element-populated\">\n\t\t\t\t\t\t<div class=\"elementor-element elementor-element-3a7dc33b elementor-widget elementor-widget-text-editor\" data-id=\"3a7dc33b\" data-element_type=\"widget\" data-e-type=\"widget\" data-widget_type=\"text-editor.default\">\n\t\t\t\t<div class=\"elementor-widget-container\">\n\t\t\t\t\t\t\t\t\t<h2>LEMIND KOMERC d.o.o. iz Leskovca osnovan je 1992. godine.<\/h2><p>Preduze\u0107e se bavi preradom i trgovinom obojenih i nebojenih metala (cink, aluminijum, bakar), izradom krovnih i fasadnih limova, krovnih I fasadnih panela od poliuretana,mineralne vune i stiropora oluka i svih gra\u0111evinskih elemenata od lima. Sam kvalitet i poznavanje posla uz odli\u010dan tim radnika, odr\u017eao nas je da poslednjih 30 godina dominiramo na\u0161im terenima na nivou prodaje i proizvodnje.<\/p><p>Karakteristika preduze\u0107a je stalni uspon. Svakodnevno pratimo zahteve tr\u017ei\u0161ta i idemo u korak sa aktuelnim trendovima. Vi\u0161egodi\u0161nje iskustvo, dobro vo\u0111enje poslovne politike, vrhunski kvalitet na\u0161ih proizvoda i usluga je razlog za\u0161to smo danas jedna od vode\u0107ih preduze\u0107a u svojoj bran\u0161i. Stalnim ulaganjem u proizvodne metode, opremu i stru\u010dnim usavr\u0161avanjem zaposlenih spremni smo za re\u0161avanje i najzahtevnijih zadataka koji se postavljaju pred nas.<\/p><p><img fetchpriority=\"high\" decoding=\"async\" class=\"alignnone size-full wp-image-562\" src=\"https:\/\/lemindkomerc.com\/wp-content\/uploads\/2019\/09\/oluci-2.png\" alt=\"\" width=\"876\" height=\"241\" srcset=\"https:\/\/lemindkomerc.com\/wp-content\/uploads\/2019\/09\/oluci-2.png 876w, https:\/\/lemindkomerc.com\/wp-content\/uploads\/2019\/09\/oluci-2-300x83.png 300w, https:\/\/lemindkomerc.com\/wp-content\/uploads\/2019\/09\/oluci-2-768x211.png 768w, https:\/\/lemindkomerc.com\/wp-content\/uploads\/2019\/09\/oluci-2-615x169.png 615w\" sizes=\"(max-width: 876px) 100vw, 876px\" \/><\/p><h3><strong>Preduze\u0107e Lemind Komerc ispunjava standard ISO 9001:2008<\/strong><\/h3><blockquote><p>LEMIND KOMERC d.o.o. ve\u0107 du\u017ei niz godina snabdeva sa profilisanim limovima u kontinuirano visokom kvalitetu. Tokom godina su dokazali da su veoma pouzdan i proveren partner. Sa visokom ta\u010dno\u0161\u0107u predstavljaju izvanredne karakteristike kompanije.<\/p><\/blockquote><h3>SVE ZA VA\u0160 KROV NA JEDNOM MESTU<\/h3><p>Preduze\u0107e poseduje poslovni prostor sa proizvodnim pogonom od preko 2600 m2. Poslovne prostorije su na Trgu revolucije 33 u Leskovcu. Proizvodni pogon je u Doljevcu.<\/p>\t\t\t\t\t\t\t\t<\/div>\n\t\t\t\t<\/div>\n\t\t\t\t\t<\/div>\n\t\t<\/div>\n\t\t\t\t\t<\/div>\n\t\t<\/section>\n\t\t\t\t<\/div>\n\t\t","protected":false},"excerpt":{"rendered":"<p>LEMIND KOMERC d.o.o. iz Leskovca osnovan je 1992. godine. Preduze\u0107e se bavi preradom i trgovinom obojenih i nebojenih metala (cink, aluminijum, bakar), izradom krovnih i fasadnih limova, krovnih I fasadnih panela od poliuretana,mineralne vune i stiropora oluka i svih gra\u0111evinskih elemenata od lima. Sam kvalitet i poznavanje posla uz odli\u010dan tim radnika, odr\u017eao nas je [&hellip;]<\/p>\n","protected":false},"author":1,"featured_media":0,"parent":0,"menu_order":0,"comment_status":"closed","ping_status":"closed","template":"","meta":{"footnotes":""},"class_list":["post-305","page","type-page","status-publish","hentry"],"jetpack_sharing_enabled":true,"_links":{"self":[{"href":"https:\/\/lemindkomerc.com\/index.php\/wp-json\/wp\/v2\/pages\/305","targetHints":{"allow":["GET"]}}],"collection":[{"href":"https:\/\/lemindkomerc.com\/index.php\/wp-json\/wp\/v2\/pages"}],"about":[{"href":"https:\/\/lemindkomerc.com\/index.php\/wp-json\/wp\/v2\/types\/page"}],"author":[{"embeddable":true,"href":"https:\/\/lemindkomerc.com\/index.php\/wp-json\/wp\/v2\/users\/1"}],"replies":[{"embeddable":true,"href":"https:\/\/lemindkomerc.com\/index.php\/wp-json\/wp\/v2\/comments?post=305"}],"version-history":[{"count":19,"href":"https:\/\/lemindkomerc.com\/index.php\/wp-json\/wp\/v2\/pages\/305\/revisions"}],"predecessor-version":[{"id":1431,"href":"https:\/\/lemindkomerc.com\/index.php\/wp-json\/wp\/v2\/pages\/305\/revisions\/1431"}],"wp:attachment":[{"href":"https:\/\/lemindkomerc.com\/index.php\/wp-json\/wp\/v2\/media?parent=305"}],"curies":[{"name":"wp","href":"https:\/\/api.w.org\/{rel}","templated":true}]}}