{"id":49,"date":"2019-04-27T09:29:56","date_gmt":"2019-04-27T09:29:56","guid":{"rendered":"https:\/\/www.cssigniter.com\/preview\/convert\/?post_type=convert_cstudy&#038;p=49"},"modified":"2025-03-05T11:43:08","modified_gmt":"2025-03-05T11:43:08","slug":"paneli-eps-stiropor","status":"publish","type":"page","link":"https:\/\/lemindkomerc.com\/index.php\/paneli-eps-stiropor\/","title":{"rendered":"Paneli eps (stiropor)"},"content":{"rendered":"\t\t<div data-elementor-type=\"wp-post\" data-elementor-id=\"49\" class=\"elementor elementor-49\">\n\t\t\t\t\t\t<section class=\"elementor-section elementor-top-section elementor-element elementor-element-4eb694c elementor-section-boxed elementor-section-height-default elementor-section-height-default\" data-id=\"4eb694c\" data-element_type=\"section\" data-e-type=\"section\">\n\t\t\t\t\t\t<div class=\"elementor-container elementor-column-gap-default\">\n\t\t\t\t\t<div class=\"elementor-column elementor-col-100 elementor-top-column elementor-element elementor-element-563ed3a\" data-id=\"563ed3a\" data-element_type=\"column\" data-e-type=\"column\">\n\t\t\t<div class=\"elementor-widget-wrap elementor-element-populated\">\n\t\t\t\t\t\t<div class=\"elementor-element elementor-element-1304fa1 elementor-widget elementor-widget-heading\" data-id=\"1304fa1\" data-element_type=\"widget\" data-e-type=\"widget\" data-widget_type=\"heading.default\">\n\t\t\t\t<div class=\"elementor-widget-container\">\n\t\t\t\t\t<h2 class=\"elementor-heading-title elementor-size-default\">EPS termoizolacioni paneli<\/h2>\t\t\t\t<\/div>\n\t\t\t\t<\/div>\n\t\t\t\t\t<\/div>\n\t\t<\/div>\n\t\t\t\t\t<\/div>\n\t\t<\/section>\n\t\t\t\t<section class=\"elementor-section elementor-top-section elementor-element elementor-element-3c5e115 elementor-section-boxed elementor-section-height-default elementor-section-height-default\" data-id=\"3c5e115\" data-element_type=\"section\" data-e-type=\"section\">\n\t\t\t\t\t\t<div class=\"elementor-container elementor-column-gap-default\">\n\t\t\t\t\t<div class=\"elementor-column elementor-col-100 elementor-top-column elementor-element elementor-element-864ccdb\" data-id=\"864ccdb\" data-element_type=\"column\" data-e-type=\"column\">\n\t\t\t<div class=\"elementor-widget-wrap elementor-element-populated\">\n\t\t\t\t\t\t<div class=\"elementor-element elementor-element-cefbdae elementor-widget elementor-widget-text-editor\" data-id=\"cefbdae\" data-element_type=\"widget\" data-e-type=\"widget\" data-widget_type=\"text-editor.default\">\n\t\t\t\t<div class=\"elementor-widget-container\">\n\t\t\t\t\t\t\t\t\t<p>EPS termoizolacioni paneli je proizvod koji ima \u0161iroku primenu u gra\u0111evinskoj industriji. Sastoji se od \u010deli\u010dne plo\u010de sa obe strane i jezgra od stiropora.<\/p>\t\t\t\t\t\t\t\t<\/div>\n\t\t\t\t<\/div>\n\t\t\t\t\t<\/div>\n\t\t<\/div>\n\t\t\t\t\t<\/div>\n\t\t<\/section>\n\t\t\t\t<section class=\"elementor-section elementor-top-section elementor-element elementor-element-d25c4e1 elementor-section-boxed elementor-section-height-default elementor-section-height-default\" data-id=\"d25c4e1\" data-element_type=\"section\" data-e-type=\"section\">\n\t\t\t\t\t\t<div class=\"elementor-container elementor-column-gap-default\">\n\t\t\t\t\t<div class=\"elementor-column elementor-col-100 elementor-top-column elementor-element elementor-element-3072d33\" data-id=\"3072d33\" data-element_type=\"column\" data-e-type=\"column\">\n\t\t\t<div class=\"elementor-widget-wrap elementor-element-populated\">\n\t\t\t\t\t\t<div class=\"elementor-element elementor-element-02e329c elementor-widget elementor-widget-text-editor\" data-id=\"02e329c\" data-element_type=\"widget\" data-e-type=\"widget\" data-widget_type=\"text-editor.default\">\n\t\t\t\t<div class=\"elementor-widget-container\">\n\t\t\t\t\t\t\t\t\t<p><strong>Prednosti EPS panela:<\/strong><\/p><ul><li>toplotna, zvu\u010dna i hidroizolacija<\/li><li>laka i brza instalacija<\/li><li>Mala te\u017eina<\/li><li>visoka mehani\u010dka \u010dvrsto\u0107a<\/li><li>otpornost na sve vremenske uslove<\/li><\/ul>\t\t\t\t\t\t\t\t<\/div>\n\t\t\t\t<\/div>\n\t\t\t\t\t<\/div>\n\t\t<\/div>\n\t\t\t\t\t<\/div>\n\t\t<\/section>\n\t\t\t\t<section class=\"elementor-section elementor-top-section elementor-element elementor-element-01cd4ff elementor-section-boxed elementor-section-height-default elementor-section-height-default\" data-id=\"01cd4ff\" data-element_type=\"section\" data-e-type=\"section\">\n\t\t\t\t\t\t<div class=\"elementor-container elementor-column-gap-default\">\n\t\t\t\t\t<div class=\"elementor-column elementor-col-100 elementor-top-column elementor-element elementor-element-ff19903\" data-id=\"ff19903\" data-element_type=\"column\" data-e-type=\"column\">\n\t\t\t<div class=\"elementor-widget-wrap elementor-element-populated\">\n\t\t\t\t\t\t<div class=\"elementor-element elementor-element-9f9744c elementor-widget elementor-widget-menu-anchor\" data-id=\"9f9744c\" data-element_type=\"widget\" data-e-type=\"widget\" data-widget_type=\"menu-anchor.default\">\n\t\t\t\t<div class=\"elementor-widget-container\">\n\t\t\t\t\t\t\t<div class=\"elementor-menu-anchor\" id=\"krovni\"><\/div>\n\t\t\t\t\t\t<\/div>\n\t\t\t\t<\/div>\n\t\t\t\t\t<\/div>\n\t\t<\/div>\n\t\t\t\t\t<\/div>\n\t\t<\/section>\n\t\t\t\t<section class=\"elementor-section elementor-top-section elementor-element elementor-element-4967c75 elementor-section-boxed elementor-section-height-default elementor-section-height-default\" data-id=\"4967c75\" data-element_type=\"section\" data-e-type=\"section\">\n\t\t\t\t\t\t<div class=\"elementor-container elementor-column-gap-default\">\n\t\t\t\t\t<div class=\"elementor-column elementor-col-100 elementor-top-column elementor-element elementor-element-e5ea966\" data-id=\"e5ea966\" data-element_type=\"column\" data-e-type=\"column\">\n\t\t\t<div class=\"elementor-widget-wrap elementor-element-populated\">\n\t\t\t\t\t\t<div class=\"elementor-element elementor-element-6aed758 elementor-widget elementor-widget-heading\" data-id=\"6aed758\" data-element_type=\"widget\" data-e-type=\"widget\" data-widget_type=\"heading.default\">\n\t\t\t\t<div class=\"elementor-widget-container\">\n\t\t\t\t\t<h2 class=\"elementor-heading-title elementor-size-default\">KROVNI PANEL OD EKSPANDIRANOG POLISTIRENA (STIROPOR)<\/h2>\t\t\t\t<\/div>\n\t\t\t\t<\/div>\n\t\t\t\t\t<\/div>\n\t\t<\/div>\n\t\t\t\t\t<\/div>\n\t\t<\/section>\n\t\t\t\t<section class=\"elementor-section elementor-top-section elementor-element elementor-element-1ffb734 elementor-section-boxed elementor-section-height-default elementor-section-height-default\" data-id=\"1ffb734\" data-element_type=\"section\" data-e-type=\"section\">\n\t\t\t\t\t\t<div class=\"elementor-container elementor-column-gap-default\">\n\t\t\t\t\t<div class=\"elementor-column elementor-col-100 elementor-top-column elementor-element elementor-element-d07677e\" data-id=\"d07677e\" data-element_type=\"column\" data-e-type=\"column\">\n\t\t\t<div class=\"elementor-widget-wrap elementor-element-populated\">\n\t\t\t\t\t\t<div class=\"elementor-element elementor-element-9beb2ea elementor-widget elementor-widget-text-editor\" data-id=\"9beb2ea\" data-element_type=\"widget\" data-e-type=\"widget\" data-widget_type=\"text-editor.default\">\n\t\t\t\t<div class=\"elementor-widget-container\">\n\t\t\t\t\t\t\t\t\t<p>Krovni paneli od stirpora su pogodni za krovove industrijskih zgrada: proizvodne hale, skladi\u0161ta, trgova\u010dke centre, tr\u017eni centre, poljoprivredne zgrade<\/p>\t\t\t\t\t\t\t\t<\/div>\n\t\t\t\t<\/div>\n\t\t\t\t\t<\/div>\n\t\t<\/div>\n\t\t\t\t\t<\/div>\n\t\t<\/section>\n\t\t\t\t<section class=\"elementor-section elementor-top-section elementor-element elementor-element-4ab9609 elementor-section-boxed elementor-section-height-default elementor-section-height-default\" data-id=\"4ab9609\" data-element_type=\"section\" data-e-type=\"section\">\n\t\t\t\t\t\t<div class=\"elementor-container elementor-column-gap-default\">\n\t\t\t\t\t<div class=\"elementor-column elementor-col-50 elementor-top-column elementor-element elementor-element-271fc8b\" data-id=\"271fc8b\" data-element_type=\"column\" data-e-type=\"column\">\n\t\t\t<div class=\"elementor-widget-wrap elementor-element-populated\">\n\t\t\t\t\t\t<div class=\"elementor-element elementor-element-74b0f63 elementor-widget elementor-widget-image\" data-id=\"74b0f63\" data-element_type=\"widget\" data-e-type=\"widget\" data-widget_type=\"image.default\">\n\t\t\t\t<div class=\"elementor-widget-container\">\n\t\t\t\t\t\t\t\t\t\t\t\t\t\t\t<img fetchpriority=\"high\" decoding=\"async\" width=\"628\" height=\"275\" src=\"https:\/\/lemindkomerc.com\/wp-content\/uploads\/2019\/04\/Kr-panel-EPS-a.png\" class=\"attachment-large size-large wp-image-1210\" alt=\"\" srcset=\"https:\/\/lemindkomerc.com\/wp-content\/uploads\/2019\/04\/Kr-panel-EPS-a.png 628w, https:\/\/lemindkomerc.com\/wp-content\/uploads\/2019\/04\/Kr-panel-EPS-a-300x131.png 300w, https:\/\/lemindkomerc.com\/wp-content\/uploads\/2019\/04\/Kr-panel-EPS-a-615x269.png 615w\" sizes=\"(max-width: 628px) 100vw, 628px\" \/>\t\t\t\t\t\t\t\t\t\t\t\t\t\t\t<\/div>\n\t\t\t\t<\/div>\n\t\t\t\t\t<\/div>\n\t\t<\/div>\n\t\t\t\t<div class=\"elementor-column elementor-col-50 elementor-top-column elementor-element elementor-element-2524e86\" data-id=\"2524e86\" data-element_type=\"column\" data-e-type=\"column\">\n\t\t\t<div class=\"elementor-widget-wrap elementor-element-populated\">\n\t\t\t\t\t\t<div class=\"elementor-element elementor-element-74e0b09 elementor-widget elementor-widget-text-editor\" data-id=\"74e0b09\" data-element_type=\"widget\" data-e-type=\"widget\" data-widget_type=\"text-editor.default\">\n\t\t\t\t<div class=\"elementor-widget-container\">\n\t\t\t\t\t\t\t\t\t<p>Karakteristike proizvoda:<\/p><ul><li>Izolacija | Ekspandiran stiropor u plo\u010dama<\/li><li>Gustina | 15 \u2013 17 kg\/m3<\/li><li>Obloga | limovi pocinkovani plastificirani \u010deli\u010dni limovi | d = 0.5-0.6 mm<\/li><li>Profilacija: TR40-250 \/ Standard, Mikro V<\/li><\/ul>\t\t\t\t\t\t\t\t<\/div>\n\t\t\t\t<\/div>\n\t\t\t\t\t<\/div>\n\t\t<\/div>\n\t\t\t\t\t<\/div>\n\t\t<\/section>\n\t\t\t\t<section class=\"elementor-section elementor-top-section elementor-element elementor-element-219e8ea elementor-section-boxed elementor-section-height-default elementor-section-height-default\" data-id=\"219e8ea\" data-element_type=\"section\" data-e-type=\"section\">\n\t\t\t\t\t\t<div class=\"elementor-container elementor-column-gap-default\">\n\t\t\t\t\t<div class=\"elementor-column elementor-col-100 elementor-top-column elementor-element elementor-element-d1254a0\" data-id=\"d1254a0\" data-element_type=\"column\" data-e-type=\"column\">\n\t\t\t<div class=\"elementor-widget-wrap elementor-element-populated\">\n\t\t\t\t\t\t<div class=\"elementor-element elementor-element-1a1d867 elementor-widget-divider--view-line elementor-widget elementor-widget-divider\" data-id=\"1a1d867\" data-element_type=\"widget\" data-e-type=\"widget\" data-widget_type=\"divider.default\">\n\t\t\t\t<div class=\"elementor-widget-container\">\n\t\t\t\t\t\t\t<div class=\"elementor-divider\">\n\t\t\t<span class=\"elementor-divider-separator\">\n\t\t\t\t\t\t<\/span>\n\t\t<\/div>\n\t\t\t\t\t\t<\/div>\n\t\t\t\t<\/div>\n\t\t\t\t\t<\/div>\n\t\t<\/div>\n\t\t\t\t\t<\/div>\n\t\t<\/section>\n\t\t\t\t<section class=\"elementor-section elementor-top-section elementor-element elementor-element-c51d4b7 elementor-section-boxed elementor-section-height-default elementor-section-height-default\" data-id=\"c51d4b7\" data-element_type=\"section\" data-e-type=\"section\">\n\t\t\t\t\t\t<div class=\"elementor-container elementor-column-gap-default\">\n\t\t\t\t\t<div class=\"elementor-column elementor-col-100 elementor-top-column elementor-element elementor-element-dcecd9f\" data-id=\"dcecd9f\" data-element_type=\"column\" data-e-type=\"column\">\n\t\t\t<div class=\"elementor-widget-wrap elementor-element-populated\">\n\t\t\t\t\t\t<div class=\"elementor-element elementor-element-5b89368 elementor-widget elementor-widget-menu-anchor\" data-id=\"5b89368\" data-element_type=\"widget\" data-e-type=\"widget\" data-widget_type=\"menu-anchor.default\">\n\t\t\t\t<div class=\"elementor-widget-container\">\n\t\t\t\t\t\t\t<div class=\"elementor-menu-anchor\" id=\"zidni\"><\/div>\n\t\t\t\t\t\t<\/div>\n\t\t\t\t<\/div>\n\t\t\t\t\t<\/div>\n\t\t<\/div>\n\t\t\t\t\t<\/div>\n\t\t<\/section>\n\t\t\t\t<section class=\"elementor-section elementor-top-section elementor-element elementor-element-71ceadf elementor-section-boxed elementor-section-height-default elementor-section-height-default\" data-id=\"71ceadf\" data-element_type=\"section\" data-e-type=\"section\">\n\t\t\t\t\t\t<div class=\"elementor-container elementor-column-gap-default\">\n\t\t\t\t\t<div class=\"elementor-column elementor-col-100 elementor-top-column elementor-element elementor-element-f0880f2\" data-id=\"f0880f2\" data-element_type=\"column\" data-e-type=\"column\">\n\t\t\t<div class=\"elementor-widget-wrap elementor-element-populated\">\n\t\t\t\t\t\t<div class=\"elementor-element elementor-element-280e095 elementor-widget elementor-widget-heading\" data-id=\"280e095\" data-element_type=\"widget\" data-e-type=\"widget\" data-widget_type=\"heading.default\">\n\t\t\t\t<div class=\"elementor-widget-container\">\n\t\t\t\t\t<h2 class=\"elementor-heading-title elementor-size-default\">FASADNI PANEL (ZIDNI) OD EKSPANDIRANOG POLISTIRENA (STIROPOR)\n\n<\/h2>\t\t\t\t<\/div>\n\t\t\t\t<\/div>\n\t\t\t\t\t<\/div>\n\t\t<\/div>\n\t\t\t\t\t<\/div>\n\t\t<\/section>\n\t\t\t\t<section class=\"elementor-section elementor-top-section elementor-element elementor-element-fe6189a elementor-section-boxed elementor-section-height-default elementor-section-height-default\" data-id=\"fe6189a\" data-element_type=\"section\" data-e-type=\"section\">\n\t\t\t\t\t\t<div class=\"elementor-container elementor-column-gap-default\">\n\t\t\t\t\t<div class=\"elementor-column elementor-col-100 elementor-top-column elementor-element elementor-element-ed36492\" data-id=\"ed36492\" data-element_type=\"column\" data-e-type=\"column\">\n\t\t\t<div class=\"elementor-widget-wrap elementor-element-populated\">\n\t\t\t\t\t\t<div class=\"elementor-element elementor-element-7d26c6d elementor-widget elementor-widget-text-editor\" data-id=\"7d26c6d\" data-element_type=\"widget\" data-e-type=\"widget\" data-widget_type=\"text-editor.default\">\n\t\t\t\t<div class=\"elementor-widget-container\">\n\t\t\t\t\t\t\t\t\t<p><span style=\"font-weight: 400;\">Fasadni paneli (zidni) od stiropora su pogodni za izgradnju spoljnih i unutra\u0161njih zidova industrijskih zgrada,\u00a0 proizvodne hale, skladi\u0161ta, trgova\u010dke centre, \u0161oping centre, poljoprivredne zgrade itd. Mogu\u0107nost vertikalne ili horizontalne ugradnje.<\/span><\/p>\t\t\t\t\t\t\t\t<\/div>\n\t\t\t\t<\/div>\n\t\t\t\t\t<\/div>\n\t\t<\/div>\n\t\t\t\t\t<\/div>\n\t\t<\/section>\n\t\t\t\t<section class=\"elementor-section elementor-top-section elementor-element elementor-element-b6934c2 elementor-section-boxed elementor-section-height-default elementor-section-height-default\" data-id=\"b6934c2\" data-element_type=\"section\" data-e-type=\"section\">\n\t\t\t\t\t\t<div class=\"elementor-container elementor-column-gap-default\">\n\t\t\t\t\t<div class=\"elementor-column elementor-col-50 elementor-top-column elementor-element elementor-element-845d4a4\" data-id=\"845d4a4\" data-element_type=\"column\" data-e-type=\"column\">\n\t\t\t<div class=\"elementor-widget-wrap elementor-element-populated\">\n\t\t\t\t\t\t<div class=\"elementor-element elementor-element-7955275 elementor-widget elementor-widget-image\" data-id=\"7955275\" data-element_type=\"widget\" data-e-type=\"widget\" data-widget_type=\"image.default\">\n\t\t\t\t<div class=\"elementor-widget-container\">\n\t\t\t\t\t\t\t\t\t\t\t\t\t\t\t<img decoding=\"async\" width=\"600\" height=\"270\" src=\"https:\/\/lemindkomerc.com\/wp-content\/uploads\/2019\/04\/eps-panel-1.png\" class=\"attachment-large size-large wp-image-1216\" alt=\"\" srcset=\"https:\/\/lemindkomerc.com\/wp-content\/uploads\/2019\/04\/eps-panel-1.png 600w, https:\/\/lemindkomerc.com\/wp-content\/uploads\/2019\/04\/eps-panel-1-300x135.png 300w\" sizes=\"(max-width: 600px) 100vw, 600px\" \/>\t\t\t\t\t\t\t\t\t\t\t\t\t\t\t<\/div>\n\t\t\t\t<\/div>\n\t\t\t\t\t<\/div>\n\t\t<\/div>\n\t\t\t\t<div class=\"elementor-column elementor-col-50 elementor-top-column elementor-element elementor-element-22cd82b\" data-id=\"22cd82b\" data-element_type=\"column\" data-e-type=\"column\">\n\t\t\t<div class=\"elementor-widget-wrap elementor-element-populated\">\n\t\t\t\t\t\t<div class=\"elementor-element elementor-element-ee71bb3 elementor-widget elementor-widget-text-editor\" data-id=\"ee71bb3\" data-element_type=\"widget\" data-e-type=\"widget\" data-widget_type=\"text-editor.default\">\n\t\t\t\t<div class=\"elementor-widget-container\">\n\t\t\t\t\t\t\t\t\t<p>Karakteristike proizvoda:<\/p><ul><li>Izolacija | Ekspandiran stiropor u plo\u010dama<\/li><li>Gustina |\u00a015 &#8211; 17 kg\/m3<\/li><li>\u00a0Obloga |\u00a0limovi pocinkovani plastificirani \u010deli\u010dni limovi | d = 0.5-0.6 mm<\/li><li>Profilacija: Standard, Mikro V<\/li><\/ul>\t\t\t\t\t\t\t\t<\/div>\n\t\t\t\t<\/div>\n\t\t\t\t\t<\/div>\n\t\t<\/div>\n\t\t\t\t\t<\/div>\n\t\t<\/section>\n\t\t\t\t<\/div>\n\t\t","protected":false},"excerpt":{"rendered":"<p>EPS termoizolacioni paneli EPS termoizolacioni paneli je proizvod koji ima \u0161iroku primenu u gra\u0111evinskoj industriji. Sastoji se od \u010deli\u010dne plo\u010de sa obe strane i jezgra od stiropora. Prednosti EPS panela: toplotna, zvu\u010dna i hidroizolacija laka i brza instalacija Mala te\u017eina visoka mehani\u010dka \u010dvrsto\u0107a otpornost na sve vremenske uslove KROVNI PANEL OD EKSPANDIRANOG POLISTIRENA (STIROPOR) Krovni [&hellip;]<\/p>\n","protected":false},"author":1,"featured_media":1384,"parent":0,"menu_order":0,"comment_status":"closed","ping_status":"closed","template":"","meta":{"footnotes":""},"class_list":["post-49","page","type-page","status-publish","has-post-thumbnail","hentry"],"jetpack_sharing_enabled":true,"_links":{"self":[{"href":"https:\/\/lemindkomerc.com\/index.php\/wp-json\/wp\/v2\/pages\/49","targetHints":{"allow":["GET"]}}],"collection":[{"href":"https:\/\/lemindkomerc.com\/index.php\/wp-json\/wp\/v2\/pages"}],"about":[{"href":"https:\/\/lemindkomerc.com\/index.php\/wp-json\/wp\/v2\/types\/page"}],"author":[{"embeddable":true,"href":"https:\/\/lemindkomerc.com\/index.php\/wp-json\/wp\/v2\/users\/1"}],"replies":[{"embeddable":true,"href":"https:\/\/lemindkomerc.com\/index.php\/wp-json\/wp\/v2\/comments?post=49"}],"version-history":[{"count":49,"href":"https:\/\/lemindkomerc.com\/index.php\/wp-json\/wp\/v2\/pages\/49\/revisions"}],"predecessor-version":[{"id":1438,"href":"https:\/\/lemindkomerc.com\/index.php\/wp-json\/wp\/v2\/pages\/49\/revisions\/1438"}],"wp:featuredmedia":[{"embeddable":true,"href":"https:\/\/lemindkomerc.com\/index.php\/wp-json\/wp\/v2\/media\/1384"}],"wp:attachment":[{"href":"https:\/\/lemindkomerc.com\/index.php\/wp-json\/wp\/v2\/media?parent=49"}],"curies":[{"name":"wp","href":"https:\/\/api.w.org\/{rel}","templated":true}]}}